{"id":720,"date":"2018-12-05T09:01:19","date_gmt":"2018-12-05T08:01:19","guid":{"rendered":"https:\/\/mafo-team.de\/laendermaerkte\/"},"modified":"2023-10-10T16:29:23","modified_gmt":"2023-10-10T14:29:23","slug":"countries","status":"publish","type":"page","link":"https:\/\/www.mafo-team.de\/en\/countries\/","title":{"rendered":"Countries"},"content":{"rendered":"\n<style type=\"text\/css\" data-created_by=\"avia_inline_auto\" id=\"style-css-av-davkw-171f2916f85676aad1175c20143bb780\">\n.avia-section.av-davkw-171f2916f85676aad1175c20143bb780{\nbackground-repeat:no-repeat;\nbackground-image:url(https:\/\/www.mafo-team.de\/wp-content\/uploads\/header-laendermaerkte-1.jpg);\nbackground-position:50% 0%;\nbackground-attachment:fixed;\n}\n.avia-section.av-davkw-171f2916f85676aad1175c20143bb780 .av-section-color-overlay{\nopacity:0.2;\nbackground-color:#000000;\n}\n<\/style>\n<div id='av_section_1'  class='avia-section av-davkw-171f2916f85676aad1175c20143bb780 main_color avia-section-large avia-no-shadow  avia-builder-el-0  el_before_av_section  avia-builder-el-first  av-small-hide av-mini-hide avia-full-contain avia-bg-style-fixed av-section-color-overlay-active container_wrap sidebar_right'  data-section-bg-repeat='contain'><div class=\"av-section-color-overlay-wrap\"><div class=\"av-section-color-overlay\"><\/div><div class='container av-section-cont-open' ><main  role=\"main\" itemprop=\"mainContentOfPage\"  class='template-page content  av-content-small alpha units'><div class='post-entry post-entry-type-page post-entry-720'><div class='entry-content-wrapper clearfix'>\n\n<style type=\"text\/css\" data-created_by=\"avia_inline_auto\" id=\"style-css-av-jpbjp2ek-3ebc72e0f6c707207b317da51dc8c581\">\n#top .av-special-heading.av-jpbjp2ek-3ebc72e0f6c707207b317da51dc8c581{\npadding-bottom:0;\ncolor:#ffffff;\nfont-size:50px;\n}\nbody .av-special-heading.av-jpbjp2ek-3ebc72e0f6c707207b317da51dc8c581 .av-special-heading-tag .heading-char{\nfont-size:25px;\n}\n#top #wrap_all .av-special-heading.av-jpbjp2ek-3ebc72e0f6c707207b317da51dc8c581 .av-special-heading-tag{\nfont-size:50px;\n}\n.av-special-heading.av-jpbjp2ek-3ebc72e0f6c707207b317da51dc8c581 .special-heading-inner-border{\nborder-color:#ffffff;\n}\n.av-special-heading.av-jpbjp2ek-3ebc72e0f6c707207b317da51dc8c581 .av-subheading{\nfont-size:15px;\n}\n\n@media only screen and (min-width: 480px) and (max-width: 767px){ \n#top #wrap_all .av-special-heading.av-jpbjp2ek-3ebc72e0f6c707207b317da51dc8c581 .av-special-heading-tag{\nfont-size:0.8em;\n}\n}\n\n@media only screen and (max-width: 479px){ \n#top #wrap_all .av-special-heading.av-jpbjp2ek-3ebc72e0f6c707207b317da51dc8c581 .av-special-heading-tag{\nfont-size:0.8em;\n}\n}\n<\/style>\n<div  class='av-special-heading av-jpbjp2ek-3ebc72e0f6c707207b317da51dc8c581 av-special-heading-h3 custom-color-heading blockquote modern-quote modern-centered  avia-builder-el-1  el_before_av_hr  avia-builder-el-first  av-inherit-size'><h3 class='av-special-heading-tag'  itemprop=\"headline\"  >Countries<\/h3><div class=\"special-heading-border\"><div class=\"special-heading-inner-border\"><\/div><\/div><\/div>\n\n<style type=\"text\/css\" data-created_by=\"avia_inline_auto\" id=\"style-css-av-cdktc-f34a9ecb47552df80d0b90c7816efe39\">\n#top .hr.av-cdktc-f34a9ecb47552df80d0b90c7816efe39{\nmargin-top:30px;\nmargin-bottom:30px;\n}\n.hr.av-cdktc-f34a9ecb47552df80d0b90c7816efe39 .hr-inner{\nwidth:20%;\nborder-color:rgba(255,255,255,0.76);\nmax-width:45%;\n}\n.hr.av-cdktc-f34a9ecb47552df80d0b90c7816efe39 .av-seperator-icon{\ncolor:#ffffff;\n}\n<\/style>\n<div  class='hr av-cdktc-f34a9ecb47552df80d0b90c7816efe39 hr-custom  avia-builder-el-2  el_after_av_heading  avia-builder-el-last  hr-center hr-icon-yes'><span class='hr-inner inner-border-av-border-thin'><span class=\"hr-inner-style\"><\/span><\/span><span class='av-seperator-icon' aria-hidden='true' data-av_icon='\ue8bf' data-av_iconfont='entypo-fontello'><\/span><span class='hr-inner inner-border-av-border-thin'><span class=\"hr-inner-style\"><\/span><\/span><\/div>\n\n<\/div><\/div><\/main><!-- close content main element --><\/div><\/div><\/div><div id='av_section_2'  class='avia-section av-bhjng-46e192a9b77b62d0cef67204e85a1249 main_color avia-section-small avia-shadow  avia-builder-el-3  el_after_av_section  avia-builder-el-last  avia-bg-style-fixed container_wrap sidebar_right'  ><div class='container av-section-cont-open' ><div class='template-page content  av-content-small alpha units'><div class='post-entry post-entry-type-page post-entry-720'><div class='entry-content-wrapper clearfix'>\n<div class='flex_column_table av-avkzk-0e9cf400f1b800fa0e4a9ed7a73c786d sc-av_two_third av-equal-height-column-flextable shadow-not-animated'>\n<style type=\"text\/css\" data-created_by=\"avia_inline_auto\" id=\"style-css-av-avkzk-0e9cf400f1b800fa0e4a9ed7a73c786d\">\n@-webkit-keyframes av_boxShadowEffect_av-avkzk-0e9cf400f1b800fa0e4a9ed7a73c786d-row {\n0%   { box-shadow:  0 0 0 0 rgba(10,0,0,0.25); opacity: 1; }\n100% { box-shadow:  0 0 10px 0 rgba(10,0,0,0.25); opacity: 1; }\n}\n@keyframes av_boxShadowEffect_av-avkzk-0e9cf400f1b800fa0e4a9ed7a73c786d-row {\n0%   { box-shadow:  0 0 0 0 rgba(10,0,0,0.25); opacity: 1; }\n100% { box-shadow:  0 0 10px 0 rgba(10,0,0,0.25); opacity: 1; }\n}\n@-webkit-keyframes av_boxShadowEffect_av-avkzk-0e9cf400f1b800fa0e4a9ed7a73c786d-column {\n0%   { box-shadow:  0 0 0 0 rgba(10,0,0,0.25); opacity: 1; }\n100% { box-shadow:  0 0 10px 0 rgba(10,0,0,0.25); opacity: 1; }\n}\n@keyframes av_boxShadowEffect_av-avkzk-0e9cf400f1b800fa0e4a9ed7a73c786d-column {\n0%   { box-shadow:  0 0 0 0 rgba(10,0,0,0.25); opacity: 1; }\n100% { box-shadow:  0 0 10px 0 rgba(10,0,0,0.25); opacity: 1; }\n}\n#top .flex_column_table.av-equal-height-column-flextable.av-avkzk-0e9cf400f1b800fa0e4a9ed7a73c786d{\nmargin-top:-60px;\nmargin-bottom:0px;\n}\n.flex_column_table.av-equal-height-column-flextable.av-avkzk-0e9cf400f1b800fa0e4a9ed7a73c786d{\nbox-shadow: 0 0 10px 0 rgba(10,0,0,0.25);\n}\n.flex_column.av-avkzk-0e9cf400f1b800fa0e4a9ed7a73c786d{\nbox-shadow: 0 0 10px 0 rgba(10,0,0,0.25);\nborder-width:1px;\nborder-color:#e1e1e1;\nborder-style:solid;\n-webkit-border-radius:0px 0px 0px 0px;\n-moz-border-radius:0px 0px 0px 0px;\nborder-radius:0px 0px 0px 0px;\npadding:50px 30px 30px 30px;\nbackground-color:#ffffff;\n}\n<\/style>\n<div  class='flex_column av-avkzk-0e9cf400f1b800fa0e4a9ed7a73c786d av_two_third  avia-builder-el-4  el_before_av_one_third  avia-builder-el-first  first no_margin flex_column_table_cell av-equal-height-column av-align-top shadow-not-animated  '     ><p>\n<style type=\"text\/css\" data-created_by=\"avia_inline_auto\" id=\"style-css-av-av_heading-68791f88c80f05f120a11b8b83cf789e\">\n#top .av-special-heading.av-av_heading-68791f88c80f05f120a11b8b83cf789e{\npadding-bottom:0;\ncolor:#145ce2;\nfont-size:7vw;\n}\nbody .av-special-heading.av-av_heading-68791f88c80f05f120a11b8b83cf789e .av-special-heading-tag .heading-char{\nfont-size:25px;\n}\n#top #wrap_all .av-special-heading.av-av_heading-68791f88c80f05f120a11b8b83cf789e .av-special-heading-tag{\nfont-size:7vw;\n}\n.av-special-heading.av-av_heading-68791f88c80f05f120a11b8b83cf789e .special-heading-inner-border{\nborder-color:#145ce2;\n}\n.av-special-heading.av-av_heading-68791f88c80f05f120a11b8b83cf789e .av-subheading{\nfont-size:15px;\n}\n\n@media only screen and (min-width: 480px) and (max-width: 767px){ \n#top #wrap_all .av-special-heading.av-av_heading-68791f88c80f05f120a11b8b83cf789e .av-special-heading-tag{\nfont-size:0.8em;\n}\n}\n\n@media only screen and (max-width: 479px){ \n#top #wrap_all .av-special-heading.av-av_heading-68791f88c80f05f120a11b8b83cf789e .av-special-heading-tag{\nfont-size:0.8em;\n}\n}\n<\/style>\n<div  class='av-special-heading av-av_heading-68791f88c80f05f120a11b8b83cf789e av-special-heading-h3 custom-color-heading blockquote modern-quote  avia-builder-el-5  el_before_av_textblock  avia-builder-el-first  av-desktop-hide av-medium-hide av-inherit-size'><h3 class='av-special-heading-tag'  itemprop=\"headline\"  >Countries<\/h3><div class=\"special-heading-border\"><div class=\"special-heading-inner-border\"><\/div><\/div><\/div><br \/>\n\n<style type=\"text\/css\" data-created_by=\"avia_inline_auto\" id=\"style-css-av-9obfc-514ad87a7d72e8fc9f67550cbc9874b0\">\n#top .av_textblock_section.av-9obfc-514ad87a7d72e8fc9f67550cbc9874b0 .avia_textblock{\nfont-size:16px;\n}\n\n@media only screen and (max-width: 479px){ \n#top .av_textblock_section.av-9obfc-514ad87a7d72e8fc9f67550cbc9874b0 .avia_textblock{\nfont-size:14px;\n}\n}\n<\/style>\n<section  class='av_textblock_section av-9obfc-514ad87a7d72e8fc9f67550cbc9874b0 '   itemscope=\"itemscope\" itemtype=\"https:\/\/schema.org\/CreativeWork\" ><div class='avia_textblock'  itemprop=\"text\" ><section class=\"av_textblock_section av-9obfc-514ad87a7d72e8fc9f67550cbc9874b0 \">\n<div class=\"avia_textblock\">\n<p>MarketForce Team operations basically take place worldwide.<\/p>\n<p>In case an economic area or region is of particular interest to you, please send us your enquiry.<\/p>\n<p>Please note that our range of activities may be limited because of political circumstances or existing\u00a0 import\/export restrictions. Also, in periods of violence and war we cannot accept certain orders requiring physical presence within these target markets.<\/p>\n<\/div>\n<\/section>\n<\/div><\/section><br \/>\n<section  class='av_textblock_section av-jpawvubl-fbfba6922eeba819a5549412cfb05096 '   itemscope=\"itemscope\" itemtype=\"https:\/\/schema.org\/CreativeWork\" ><div class='avia_textblock'  itemprop=\"text\" ><p>[show-map id=&#8217;1&#8242;]<\/p>\n<\/div><\/section><br \/>\n\n<style type=\"text\/css\" data-created_by=\"avia_inline_auto\" id=\"style-css-av-9ho5g-f46ef0777a32b922b4e33a2ceff2657f\">\n#top .hr.av-9ho5g-f46ef0777a32b922b4e33a2ceff2657f{\nmargin-top:30px;\nmargin-bottom:30px;\n}\n.hr.av-9ho5g-f46ef0777a32b922b4e33a2ceff2657f .hr-inner{\nwidth:45%;\nmax-width:45%;\n}\n<\/style>\n<div  class='hr av-9ho5g-f46ef0777a32b922b4e33a2ceff2657f hr-custom  avia-builder-el-8  el_after_av_textblock  avia-builder-el-last  hr-center hr-icon-yes'><span class='hr-inner inner-border-av-border-thin'><span class=\"hr-inner-style\"><\/span><\/span><span class='av-seperator-icon' aria-hidden='true' data-av_icon='\ue8bf' data-av_iconfont='entypo-fontello'><\/span><span class='hr-inner inner-border-av-border-thin'><span class=\"hr-inner-style\"><\/span><\/span><\/div><\/p><\/div>\n<style type=\"text\/css\" data-created_by=\"avia_inline_auto\" id=\"style-css-av-3p1kw-76604d39f64fc64cbac7cb64f86e164a\">\n@-webkit-keyframes av_boxShadowEffect_av-3p1kw-76604d39f64fc64cbac7cb64f86e164a-column {\n0%   { box-shadow:  0 0 0 0 rgba(10,0,0,0.25); opacity: 1; }\n100% { box-shadow:  0 0 10px 0 rgba(10,0,0,0.25); opacity: 1; }\n}\n@keyframes av_boxShadowEffect_av-3p1kw-76604d39f64fc64cbac7cb64f86e164a-column {\n0%   { box-shadow:  0 0 0 0 rgba(10,0,0,0.25); opacity: 1; }\n100% { box-shadow:  0 0 10px 0 rgba(10,0,0,0.25); opacity: 1; }\n}\n#top .flex_column_table.av-equal-height-column-flextable.av-3p1kw-76604d39f64fc64cbac7cb64f86e164a{\nmargin-top:-60px;\nmargin-bottom:0px;\n}\n.flex_column.av-3p1kw-76604d39f64fc64cbac7cb64f86e164a{\nbox-shadow: 0 0 10px 0 rgba(10,0,0,0.25);\n-webkit-border-radius:0px 0px 0px 0px;\n-moz-border-radius:0px 0px 0px 0px;\nborder-radius:0px 0px 0px 0px;\npadding:50px 30px 30px 30px;\nbackground-color:#f0f0f0;\n}\n<\/style>\n<div  class='flex_column av-3p1kw-76604d39f64fc64cbac7cb64f86e164a av_one_third  avia-builder-el-9  el_after_av_two_third  avia-builder-el-last  no_margin flex_column_table_cell av-equal-height-column av-align-top shadow-not-animated  '     ><p><div  class='avia-builder-widget-area clearfix  avia-builder-el-10  el_before_av_hr  avia-builder-el-first '><section id=\"search-3\" class=\"widget clearfix widget_search\"><h3 class=\"widgettitle\">Search<\/h3>\n\n<form action=\"https:\/\/www.mafo-team.de\/en\/\" id=\"searchform\" method=\"get\" class=\"\">\n\t<div>\n\t\t<input type=\"submit\" value=\"\ue803\" id=\"searchsubmit\" class=\"button avia-font-entypo-fontello\" \/>\n\t\t<input type=\"text\" id=\"s\" name=\"s\" value=\"\" placeholder='Search' \/>\n\t\t\t<\/div>\n<\/form>\n<span class=\"seperator extralight-border\"><\/span><\/section><section id=\"rss-2\" class=\"widget clearfix widget_rss\"><h3 class=\"widgettitle\"><a class=\"rsswidget rss-widget-feed\" href=\"https:\/\/www.n-tv.de\/wirtschaft\/rss\"><img decoding=\"async\" class=\"rss-widget-icon\" style=\"border:0\" width=\"14\" height=\"14\" src=\"https:\/\/www.mafo-team.de\/wp-includes\/images\/rss.png\" alt=\"RSS\" loading=\"lazy\" \/><\/a> <a class=\"rsswidget rss-widget-title\" href=\"https:\/\/www.n-tv.de\/wirtschaft\/\">Topmeldungen aus Wirtschaft &#038; B\u00f6rse<\/a><\/h3><ul><li><a class='rsswidget' href='https:\/\/www.n-tv.de\/wirtschaft\/Gamestop-will-56-Milliarden-Dollar-fuer-Ebay-Fusion-zusammenkratzen-id30781948.html'>Konkretes Angebot liegt vor: Gamestop will 56 Milliarden Dollar f\u00fcr Ebay-Fusion zusammenkratzen<\/a> <span class=\"rss-date\">04. May 2026<\/span><div class=\"rssSummary\">Die Nachricht am Wochenende war eine \u00dcberraschung: Der Videospiel-H\u00e4ndler Gamestop will sich den E-Commerce-Giganten Ebay einverleiben. Zum Wochenstart liegt nun auch ein konkretes Angebot vor: Gamestop will 125 Dollar pro Aktie bezahlen. Woher das Geld kommen soll, ist nicht ganz klar.<\/div><\/li><li><a class='rsswidget' href='https:\/\/www.n-tv.de\/wirtschaft\/Wolfgang-Grupp-gibt-seine-Waffe-an-den-Sohn-ab-id30781918.html'>Konsequenz nach Suizidversuch: Wolfgang Grupp\u00a0gibt seine Waffe an den Sohn ab<\/a> <span class=\"rss-date\">04. May 2026<\/span><div class=\"rssSummary\">Wolfgang Grupp versuchte im vergangenen Jahr, sich das Leben zu nehmen. Inzwischen bereut der fr\u00fchere Trigema-Chef diesen Schritt - und zieht Konsequenzen.<\/div><\/li><li><a class='rsswidget' href='https:\/\/www.n-tv.de\/wirtschaft\/Bericht-Trump-Regierung-blockiert-Dutzende-Windpark-Projekte-id30781276.html'>Wegen &quot;nationaler Sicherheit&quot;: Bericht: Trump-Regierung blockiert Dutzende Windpark-Projekte<\/a> <span class=\"rss-date\">03. May 2026<\/span><div class=\"rssSummary\">Fossile Energieformen wie \u00d6l oder Gas stehen bei Donald Trump und seiner Regierung hoch im Kurs. Von Windkraft h\u00e4lt er hingegen wenig. Um diese weiter auszubremsen wird offenbar mit der &quot;nationalen Sicherheit&quot; argumentiert.<\/div><\/li><li><a class='rsswidget' href='https:\/\/www.n-tv.de\/wirtschaft\/Eon-verspricht-trotz-Iran-Krieg-stabile-Energiepreise-vorerst-id30780934.html'>Langfristig wird&#039;s teurer: Eon verspricht trotz Iran-Krieg stabile Energiepreise - vorerst<\/a> <span class=\"rss-date\">03. May 2026<\/span><div class=\"rssSummary\">Die Spritpreise gehen infolge des Iran-Kriegs durch die Decke. Werden jetzt auch Strom und Gas teurer? Der gr\u00f6\u00dfte Energieversorger Deutschlands beruhigt - bis Ende des Jahres sind keine Preiserh\u00f6hungen geplant. Danach werden Verbraucher allerdings wohl tiefer in die Tasche greifen m\u00fcssen.\u00a0<\/div><\/li><\/ul><span class=\"seperator extralight-border\"><\/span><\/section><section id=\"newsbox-2\" class=\"widget clearfix avia-widget-container newsbox\"><h3 class=\"widgettitle\">Latest News<\/h3><ul class=\"news-wrap image_size_widget\"><li class=\"news-content post-format-standard\"><div class=\"news-link\"><a class='news-thumb no-news-thumb' title=\"Read: Seminars: now digital &#8211;  Sars 2 Covid-19 (Chi-Virus) update\" href=\"https:\/\/www.mafo-team.de\/en\/seminars-now-digital-sars-2-covid-19-chi-virus-update\/\"><\/a><div class=\"news-headline\"><a class='news-title' title=\"Read: Seminars: now digital &#8211;  Sars 2 Covid-19 (Chi-Virus) update\" href=\"https:\/\/www.mafo-team.de\/en\/seminars-now-digital-sars-2-covid-19-chi-virus-update\/\">Seminars: now digital &#8211;  Sars 2 Covid-19 (Chi-Virus) update<\/a><span class=\"news-time\">17. March 2020 - 12:25<\/span><\/div><\/div><div class=\"news-excerpt\"><p>MarketForce Team have announced that all physical Seminar Events have been cancelled. All MarketForce Team client projects will be continued as usual basing on digital channels, within virtual team rooms [&hellip;]<\/p>\n<\/div><\/li><li class=\"news-content post-format-standard\"><div class=\"news-link\"><a class='news-thumb ' title=\"Read: Hello world!\" href=\"https:\/\/www.mafo-team.de\/en\/hello-world\/\"><img loading=\"lazy\" decoding=\"async\" width=\"36\" height=\"36\" src=\"https:\/\/www.mafo-team.de\/wp-content\/uploads\/solar-panel-array-power-sun-electricity-159397-solar-panel-36x36.jpeg\" class=\"wp-image-1072 avia-img-lazy-loading-1072 attachment-widget size-widget wp-post-image\" alt=\"\" srcset=\"https:\/\/www.mafo-team.de\/wp-content\/uploads\/solar-panel-array-power-sun-electricity-159397-solar-panel-36x36.jpeg 36w, https:\/\/www.mafo-team.de\/wp-content\/uploads\/solar-panel-array-power-sun-electricity-159397-solar-panel-80x80.jpeg 80w, https:\/\/www.mafo-team.de\/wp-content\/uploads\/solar-panel-array-power-sun-electricity-159397-solar-panel-180x180.jpeg 180w, https:\/\/www.mafo-team.de\/wp-content\/uploads\/solar-panel-array-power-sun-electricity-159397-solar-panel-120x120.jpeg 120w\" sizes=\"(max-width: 36px) 100vw, 36px\" \/><\/a><div class=\"news-headline\"><a class='news-title' title=\"Read: Hello world!\" href=\"https:\/\/www.mafo-team.de\/en\/hello-world\/\">Hello world!<\/a><span class=\"news-time\">05. December 2018 - 15:47<\/span><\/div><\/div><div class=\"news-excerpt\"><p>Welcome to the new web presences of MarketForce Team. Feedbacks are welcome !<\/p>\n<\/div><\/li><li class=\"news-content post-format-standard\"><div class=\"news-link\"><a class='news-thumb ' title=\"Read: New MaFo Team web presence launched\" href=\"https:\/\/www.mafo-team.de\/en\/a-nice-entry\/\"><img loading=\"lazy\" decoding=\"async\" width=\"36\" height=\"36\" src=\"https:\/\/www.mafo-team.de\/wp-content\/uploads\/slider4-36x36.jpg\" class=\"wp-image-500 avia-img-lazy-loading-500 attachment-widget size-widget wp-post-image\" alt=\"\" srcset=\"https:\/\/www.mafo-team.de\/wp-content\/uploads\/slider4-36x36.jpg 36w, https:\/\/www.mafo-team.de\/wp-content\/uploads\/slider4-80x80.jpg 80w, https:\/\/www.mafo-team.de\/wp-content\/uploads\/slider4-180x180.jpg 180w, https:\/\/www.mafo-team.de\/wp-content\/uploads\/slider4-120x120.jpg 120w, https:\/\/www.mafo-team.de\/wp-content\/uploads\/slider4-450x450.jpg 450w\" sizes=\"(max-width: 36px) 100vw, 36px\" \/><\/a><div class=\"news-headline\"><a class='news-title' title=\"Read: New MaFo Team web presence launched\" href=\"https:\/\/www.mafo-team.de\/en\/a-nice-entry\/\">New MaFo Team web presence launched<\/a><span class=\"news-time\">24. August 2014 - 18:56<\/span><\/div><\/div><div class=\"news-excerpt\"><p>Today the launch of the new MarketForce Team web presence was announced.\u00a0 MarketForce Team had invited their top experts and top clients for a business breakfast at a renowned Berlin [&hellip;]<\/p>\n<\/div><\/li><li class=\"news-content post-format-standard\"><div class=\"news-link\"><a class='news-thumb ' title=\"Read: \" href=\"https:\/\/www.mafo-team.de\/en\/entry-without-preview-image\/\"><img loading=\"lazy\" decoding=\"async\" width=\"36\" height=\"36\" src=\"https:\/\/www.mafo-team.de\/wp-content\/uploads\/Kostenoptimierung-36x36.jpg\" class=\"wp-image-470 avia-img-lazy-loading-470 attachment-widget size-widget wp-post-image\" alt=\"\" srcset=\"https:\/\/www.mafo-team.de\/wp-content\/uploads\/Kostenoptimierung-36x36.jpg 36w, https:\/\/www.mafo-team.de\/wp-content\/uploads\/Kostenoptimierung-80x80.jpg 80w, https:\/\/www.mafo-team.de\/wp-content\/uploads\/Kostenoptimierung-180x180.jpg 180w, https:\/\/www.mafo-team.de\/wp-content\/uploads\/Kostenoptimierung-120x120.jpg 120w, https:\/\/www.mafo-team.de\/wp-content\/uploads\/Kostenoptimierung-450x450.jpg 450w\" sizes=\"(max-width: 36px) 100vw, 36px\" \/><\/a><div class=\"news-headline\"><a class='news-title' title=\"Read: \" href=\"https:\/\/www.mafo-team.de\/en\/entry-without-preview-image\/\"><\/a><span class=\"news-time\">12. February 2014 - 18:49<\/span><\/div><\/div><div class=\"news-excerpt\">\n<\/div><\/li><li class=\"news-content post-format-standard\"><div class=\"news-link\"><a class='news-thumb ' title=\"Read: Terms and conditions worked over\" href=\"https:\/\/www.mafo-team.de\/en\/a-nice-post\/\"><img loading=\"lazy\" decoding=\"async\" width=\"36\" height=\"36\" src=\"https:\/\/www.mafo-team.de\/wp-content\/uploads\/open-book-library-education-read-159621-klein-36x36.jpeg\" class=\"wp-image-805 avia-img-lazy-loading-805 attachment-widget size-widget wp-post-image\" alt=\"\" srcset=\"https:\/\/www.mafo-team.de\/wp-content\/uploads\/open-book-library-education-read-159621-klein-36x36.jpeg 36w, https:\/\/www.mafo-team.de\/wp-content\/uploads\/open-book-library-education-read-159621-klein-80x80.jpeg 80w, https:\/\/www.mafo-team.de\/wp-content\/uploads\/open-book-library-education-read-159621-klein-180x180.jpeg 180w, https:\/\/www.mafo-team.de\/wp-content\/uploads\/open-book-library-education-read-159621-klein-120x120.jpeg 120w, https:\/\/www.mafo-team.de\/wp-content\/uploads\/open-book-library-education-read-159621-klein-450x450.jpeg 450w\" sizes=\"(max-width: 36px) 100vw, 36px\" \/><\/a><div class=\"news-headline\"><a class='news-title' title=\"Read: Terms and conditions worked over\" href=\"https:\/\/www.mafo-team.de\/en\/a-nice-post\/\">Terms and conditions worked over<\/a><span class=\"news-time\">24. May 2012 - 18:59<\/span><\/div><\/div><div class=\"news-excerpt\"><p>International clients have been advised that MarketForce Team have worked over their terms and conditions.<\/p>\n<\/div><\/li><\/ul><span class=\"seperator extralight-border\"><\/span><\/section><\/div><br \/>\n\n<style type=\"text\/css\" data-created_by=\"avia_inline_auto\" id=\"style-css-av-28uvk-31d8c6f00951862cf3b699042ad7295c\">\n#top .hr.av-28uvk-31d8c6f00951862cf3b699042ad7295c{\nmargin-top:30px;\nmargin-bottom:30px;\n}\n.hr.av-28uvk-31d8c6f00951862cf3b699042ad7295c .hr-inner{\nwidth:45%;\nmax-width:45%;\n}\n<\/style>\n<div  class='hr av-28uvk-31d8c6f00951862cf3b699042ad7295c hr-custom hr-center hr-icon-yes'><span class='hr-inner inner-border-av-border-thin'><span class=\"hr-inner-style\"><\/span><\/span><span class='av-seperator-icon' aria-hidden='true' data-av_icon='\ue8bf' data-av_iconfont='entypo-fontello'><\/span><span class='hr-inner inner-border-av-border-thin'><span class=\"hr-inner-style\"><\/span><\/span><\/div><\/p><\/div><\/div><!--close column table wrapper. Autoclose: 1 --><\/div><\/div><\/div><!-- close content main div --><\/div><\/div><div id='after_section_2'  class='main_color av_default_container_wrap container_wrap sidebar_right'  ><div class='container av-section-cont-open' ><div class='template-page content  av-content-small alpha units'><div class='post-entry post-entry-type-page post-entry-720'><div class='entry-content-wrapper clearfix'>\n","protected":false},"excerpt":{"rendered":"","protected":false},"author":1,"featured_media":0,"parent":0,"menu_order":20,"comment_status":"closed","ping_status":"closed","template":"","meta":{"footnotes":""},"_links":{"self":[{"href":"https:\/\/www.mafo-team.de\/en\/wp-json\/wp\/v2\/pages\/720"}],"collection":[{"href":"https:\/\/www.mafo-team.de\/en\/wp-json\/wp\/v2\/pages"}],"about":[{"href":"https:\/\/www.mafo-team.de\/en\/wp-json\/wp\/v2\/types\/page"}],"author":[{"embeddable":true,"href":"https:\/\/www.mafo-team.de\/en\/wp-json\/wp\/v2\/users\/1"}],"replies":[{"embeddable":true,"href":"https:\/\/www.mafo-team.de\/en\/wp-json\/wp\/v2\/comments?post=720"}],"version-history":[{"count":3,"href":"https:\/\/www.mafo-team.de\/en\/wp-json\/wp\/v2\/pages\/720\/revisions"}],"predecessor-version":[{"id":3511,"href":"https:\/\/www.mafo-team.de\/en\/wp-json\/wp\/v2\/pages\/720\/revisions\/3511"}],"wp:attachment":[{"href":"https:\/\/www.mafo-team.de\/en\/wp-json\/wp\/v2\/media?parent=720"}],"curies":[{"name":"wp","href":"https:\/\/api.w.org\/{rel}","templated":true}]}}