{"id":679,"date":"2018-12-05T08:26:20","date_gmt":"2018-12-05T07:26:20","guid":{"rendered":"https:\/\/mafo-team.de\/services\/"},"modified":"2019-02-22T15:01:05","modified_gmt":"2019-02-22T14:01:05","slug":"services","status":"publish","type":"page","link":"https:\/\/www.mafo-team.de\/en\/services\/","title":{"rendered":"Services"},"content":{"rendered":"\n<style type=\"text\/css\" data-created_by=\"avia_inline_auto\" id=\"style-css-av-davkw-fc133714e6c0bb091ca1b946268b8fca\">\n.avia-section.av-davkw-fc133714e6c0bb091ca1b946268b8fca{\nbackground-repeat:no-repeat;\nbackground-image:url(https:\/\/www.mafo-team.de\/wp-content\/uploads\/header-services.jpg);\nbackground-position:50% 0%;\nbackground-attachment:fixed;\n}\n.avia-section.av-davkw-fc133714e6c0bb091ca1b946268b8fca .av-section-color-overlay{\nopacity:0.2;\nbackground-color:#000000;\n}\n<\/style>\n<div id='av_section_1'  class='avia-section av-davkw-fc133714e6c0bb091ca1b946268b8fca main_color avia-section-large avia-no-shadow  avia-builder-el-0  el_before_av_section  avia-builder-el-first  av-small-hide av-mini-hide avia-full-contain avia-bg-style-fixed av-section-color-overlay-active container_wrap sidebar_right'  data-section-bg-repeat='contain'><div class=\"av-section-color-overlay-wrap\"><div class=\"av-section-color-overlay\"><\/div><div class='container av-section-cont-open' ><main  role=\"main\" itemprop=\"mainContentOfPage\"  class='template-page content  av-content-small alpha units'><div class='post-entry post-entry-type-page post-entry-679'><div class='entry-content-wrapper clearfix'>\n\n<style type=\"text\/css\" data-created_by=\"avia_inline_auto\" id=\"style-css-av-jpbe3gkz-ccc3dedd948f35e96342cc8bf53bb413\">\n#top .av-special-heading.av-jpbe3gkz-ccc3dedd948f35e96342cc8bf53bb413{\npadding-bottom:0;\ncolor:#ffffff;\nfont-size:50px;\n}\nbody .av-special-heading.av-jpbe3gkz-ccc3dedd948f35e96342cc8bf53bb413 .av-special-heading-tag .heading-char{\nfont-size:25px;\n}\n#top #wrap_all .av-special-heading.av-jpbe3gkz-ccc3dedd948f35e96342cc8bf53bb413 .av-special-heading-tag{\nfont-size:50px;\n}\n.av-special-heading.av-jpbe3gkz-ccc3dedd948f35e96342cc8bf53bb413 .special-heading-inner-border{\nborder-color:#ffffff;\n}\n.av-special-heading.av-jpbe3gkz-ccc3dedd948f35e96342cc8bf53bb413 .av-subheading{\nfont-size:15px;\n}\n\n@media only screen and (min-width: 480px) and (max-width: 767px){ \n#top #wrap_all .av-special-heading.av-jpbe3gkz-ccc3dedd948f35e96342cc8bf53bb413 .av-special-heading-tag{\nfont-size:0.8em;\n}\n}\n\n@media only screen and (max-width: 479px){ \n#top #wrap_all .av-special-heading.av-jpbe3gkz-ccc3dedd948f35e96342cc8bf53bb413 .av-special-heading-tag{\nfont-size:0.8em;\n}\n}\n<\/style>\n<div  class='av-special-heading av-jpbe3gkz-ccc3dedd948f35e96342cc8bf53bb413 av-special-heading-h3 custom-color-heading blockquote modern-quote modern-centered  avia-builder-el-1  el_before_av_hr  avia-builder-el-first  av-inherit-size'><h3 class='av-special-heading-tag'  itemprop=\"headline\"  >Services<\/h3><div class=\"special-heading-border\"><div class=\"special-heading-inner-border\"><\/div><\/div><\/div>\n\n<style type=\"text\/css\" data-created_by=\"avia_inline_auto\" id=\"style-css-av-cdktc-f34a9ecb47552df80d0b90c7816efe39\">\n#top .hr.av-cdktc-f34a9ecb47552df80d0b90c7816efe39{\nmargin-top:30px;\nmargin-bottom:30px;\n}\n.hr.av-cdktc-f34a9ecb47552df80d0b90c7816efe39 .hr-inner{\nwidth:20%;\nborder-color:rgba(255,255,255,0.76);\nmax-width:45%;\n}\n.hr.av-cdktc-f34a9ecb47552df80d0b90c7816efe39 .av-seperator-icon{\ncolor:#ffffff;\n}\n<\/style>\n<div  class='hr av-cdktc-f34a9ecb47552df80d0b90c7816efe39 hr-custom  avia-builder-el-2  el_after_av_heading  avia-builder-el-last  hr-center hr-icon-yes'><span class='hr-inner inner-border-av-border-thin'><span class=\"hr-inner-style\"><\/span><\/span><span class='av-seperator-icon' aria-hidden='true' data-av_icon='\ue8bf' data-av_iconfont='entypo-fontello'><\/span><span class='hr-inner inner-border-av-border-thin'><span class=\"hr-inner-style\"><\/span><\/span><\/div>\n\n<\/div><\/div><\/main><!-- close content main element --><\/div><\/div><\/div><div id='av_section_2'  class='avia-section av-bhjng-46e192a9b77b62d0cef67204e85a1249 main_color avia-section-small avia-shadow  avia-builder-el-3  el_after_av_section  avia-builder-el-last  avia-bg-style-fixed container_wrap sidebar_right'  ><div class='container av-section-cont-open' ><div class='template-page content  av-content-small alpha units'><div class='post-entry post-entry-type-page post-entry-679'><div class='entry-content-wrapper clearfix'>\n<div class='flex_column_table av-avkzk-0e9cf400f1b800fa0e4a9ed7a73c786d sc-av_two_third av-equal-height-column-flextable shadow-not-animated'>\n<style type=\"text\/css\" data-created_by=\"avia_inline_auto\" id=\"style-css-av-avkzk-0e9cf400f1b800fa0e4a9ed7a73c786d\">\n@-webkit-keyframes av_boxShadowEffect_av-avkzk-0e9cf400f1b800fa0e4a9ed7a73c786d-row {\n0%   { box-shadow:  0 0 0 0 rgba(10,0,0,0.25); opacity: 1; }\n100% { box-shadow:  0 0 10px 0 rgba(10,0,0,0.25); opacity: 1; }\n}\n@keyframes av_boxShadowEffect_av-avkzk-0e9cf400f1b800fa0e4a9ed7a73c786d-row {\n0%   { box-shadow:  0 0 0 0 rgba(10,0,0,0.25); opacity: 1; }\n100% { box-shadow:  0 0 10px 0 rgba(10,0,0,0.25); opacity: 1; }\n}\n@-webkit-keyframes av_boxShadowEffect_av-avkzk-0e9cf400f1b800fa0e4a9ed7a73c786d-column {\n0%   { box-shadow:  0 0 0 0 rgba(10,0,0,0.25); opacity: 1; }\n100% { box-shadow:  0 0 10px 0 rgba(10,0,0,0.25); opacity: 1; }\n}\n@keyframes av_boxShadowEffect_av-avkzk-0e9cf400f1b800fa0e4a9ed7a73c786d-column {\n0%   { box-shadow:  0 0 0 0 rgba(10,0,0,0.25); opacity: 1; }\n100% { box-shadow:  0 0 10px 0 rgba(10,0,0,0.25); opacity: 1; }\n}\n#top .flex_column_table.av-equal-height-column-flextable.av-avkzk-0e9cf400f1b800fa0e4a9ed7a73c786d{\nmargin-top:-60px;\nmargin-bottom:0px;\n}\n.flex_column_table.av-equal-height-column-flextable.av-avkzk-0e9cf400f1b800fa0e4a9ed7a73c786d{\nbox-shadow: 0 0 10px 0 rgba(10,0,0,0.25);\n}\n.flex_column.av-avkzk-0e9cf400f1b800fa0e4a9ed7a73c786d{\nbox-shadow: 0 0 10px 0 rgba(10,0,0,0.25);\nborder-width:1px;\nborder-color:#e1e1e1;\nborder-style:solid;\n-webkit-border-radius:0px 0px 0px 0px;\n-moz-border-radius:0px 0px 0px 0px;\nborder-radius:0px 0px 0px 0px;\npadding:50px 30px 30px 30px;\nbackground-color:#ffffff;\n}\n<\/style>\n<div  class='flex_column av-avkzk-0e9cf400f1b800fa0e4a9ed7a73c786d av_two_third  avia-builder-el-4  el_before_av_one_third  avia-builder-el-first  first no_margin flex_column_table_cell av-equal-height-column av-align-top shadow-not-animated  '     ><p>\n<style type=\"text\/css\" data-created_by=\"avia_inline_auto\" id=\"style-css-av-av_heading-156fe51625d9f7ee346778a265b7acc3\">\n#top .av-special-heading.av-av_heading-156fe51625d9f7ee346778a265b7acc3{\npadding-bottom:0;\ncolor:#145ce2;\nfont-size:7vw;\n}\nbody .av-special-heading.av-av_heading-156fe51625d9f7ee346778a265b7acc3 .av-special-heading-tag .heading-char{\nfont-size:25px;\n}\n#top #wrap_all .av-special-heading.av-av_heading-156fe51625d9f7ee346778a265b7acc3 .av-special-heading-tag{\nfont-size:7vw;\n}\n.av-special-heading.av-av_heading-156fe51625d9f7ee346778a265b7acc3 .special-heading-inner-border{\nborder-color:#145ce2;\n}\n.av-special-heading.av-av_heading-156fe51625d9f7ee346778a265b7acc3 .av-subheading{\nfont-size:15px;\n}\n\n@media only screen and (min-width: 480px) and (max-width: 767px){ \n#top #wrap_all .av-special-heading.av-av_heading-156fe51625d9f7ee346778a265b7acc3 .av-special-heading-tag{\nfont-size:0.8em;\n}\n}\n\n@media only screen and (max-width: 479px){ \n#top #wrap_all .av-special-heading.av-av_heading-156fe51625d9f7ee346778a265b7acc3 .av-special-heading-tag{\nfont-size:0.8em;\n}\n}\n<\/style>\n<div  class='av-special-heading av-av_heading-156fe51625d9f7ee346778a265b7acc3 av-special-heading-h3 custom-color-heading blockquote modern-quote  avia-builder-el-5  el_before_av_textblock  avia-builder-el-first  av-desktop-hide av-medium-hide av-inherit-size'><h3 class='av-special-heading-tag'  itemprop=\"headline\"  >Services<\/h3><div class=\"special-heading-border\"><div class=\"special-heading-inner-border\"><\/div><\/div><\/div><br \/>\n\n<style type=\"text\/css\" data-created_by=\"avia_inline_auto\" id=\"style-css-av-9obfc-7290e4a8e79bfb46bd92bfba93b59d03\">\n#top .av_textblock_section.av-9obfc-7290e4a8e79bfb46bd92bfba93b59d03 .avia_textblock{\nfont-size:16px;\n}\n\n@media only screen and (max-width: 479px){ \n#top .av_textblock_section.av-9obfc-7290e4a8e79bfb46bd92bfba93b59d03 .avia_textblock{\nfont-size:14px;\n}\n}\n<\/style>\n<section  class='av_textblock_section av-9obfc-7290e4a8e79bfb46bd92bfba93b59d03 '   itemscope=\"itemscope\" itemtype=\"https:\/\/schema.org\/CreativeWork\" ><div class='avia_textblock'  itemprop=\"text\" ><p>MarketForce Team was created to support Corporate New Business Development. In many cases our clients just need solid fundaments for their decision making. In other cases they appreciate our entrepreneurial touch and disruptive approaches.<\/p>\n<p>We know that Corporate Services usually face the following bottlenecks:<\/p>\n<ul>\n<li>A shortage of personnel<\/li>\n<li>Extreme time pressure<\/li>\n<li>Many minor projects with correspondingly tiny budgets<\/li>\n<\/ul>\n<p>In such cases, our Full-Service approach can provide your company with substantial support. From research, conceptual works down to the presentation of findings we may take complete responsibility of research and development projects, while keeping our clients fully-informed.<\/p>\n<p>MarketForce Team: the team of experts that represents sound methodology, industry experience and a broad scope of industrial marketing services:<\/p>\n<ul>\n<li>Market research \u2013 Market surveys:<br \/>\nTailor-made information and profiles regarding markets, products, brands, customers, suppliers, persons &#8211; precisely researched facts and data collections plus our advice where desired <a href=\"https:\/\/www.mafo-team.de\/en\/industrial-market-research\/\">&gt;&gt;&gt; read more<\/a><\/li>\n<li>Technology Radar and Trend Scouting:<br \/>\nToday, we tell you what you and your customers may expect tomorrow <a href=\"https:\/\/www.mafo-team.de\/en\/technologie-research-and-strategisches-radar\/\">&gt;&gt;&gt; read more<\/a><\/li>\n<li>A.I. Marketing and Digital Internet Intelligence:<br \/>\nArtificial Intelligence in Marketing and new insights via world wide web <a href=\"https:\/\/www.mafo-team.de\/en\/ai_marketing\/\">&gt;&gt;&gt; read more<\/a><\/li>\n<li>Competitive Intelligence:<br \/>\nBecause you are not the only one in your industry <a href=\"https:\/\/www.mafo-team.de\/en\/competitive-counter-intelligence\/\">&gt;&gt;&gt; read more<\/a><\/li>\n<li>Solid operational support for new market entry and market openings worldwide:<br \/>\nGlobal new business development, expansion strategies in different shape <a href=\"https:\/\/www.mafo-team.de\/en\/international-business-development\/\">&gt;&gt;&gt; read more<\/a><\/li>\n<li>Coaching \u2013 Seminars \u2013 Consultancy &#8211; state of the art in Marketing and Sales:<br \/>\nOur know-how we share with you on your avenue to the customer <a href=\"https:\/\/www.mafo-team.de\/en\/industrial-marketing-consulting\/\">&gt;&gt;&gt; read more<\/a><\/li>\n<\/ul>\n<p>No matter what\u00b4s the industry you are in &#8211;\u00a0 our market intelligence in engineering, EPC, vehicles, electronics and many other industries is ahead of the game.<\/p>\n<p>We are at your side for your current business\u00a0 \u2013 and we give strong support for your strategic and new business activities.\u00a0\u00a0\u00a0 This means we provide important prerequisites for future viability of your company.\u00a0 New business development, new business field exploration and strategies, new business models, new market positioning.<\/p>\n<p>Our clients appreciate our entrepreneurial spirit when it\u00b4s all about new business options.<\/p>\n<p>You explain what\u00b4s the task and we make clear what is our approach.\u00a0 From conceptual frameworks down to operational doings, we closely collaborate with our clients in a trustful atmosphere.<\/p>\n<p>Eventually, we deliver the solution to your endeavours.<\/p>\n<\/div><\/section><br \/>\n\n<style type=\"text\/css\" data-created_by=\"avia_inline_auto\" id=\"style-css-av-9ho5g-f46ef0777a32b922b4e33a2ceff2657f\">\n#top .hr.av-9ho5g-f46ef0777a32b922b4e33a2ceff2657f{\nmargin-top:30px;\nmargin-bottom:30px;\n}\n.hr.av-9ho5g-f46ef0777a32b922b4e33a2ceff2657f .hr-inner{\nwidth:45%;\nmax-width:45%;\n}\n<\/style>\n<div  class='hr av-9ho5g-f46ef0777a32b922b4e33a2ceff2657f hr-custom  avia-builder-el-7  el_after_av_textblock  avia-builder-el-last  hr-center hr-icon-yes'><span class='hr-inner inner-border-av-border-thin'><span class=\"hr-inner-style\"><\/span><\/span><span class='av-seperator-icon' aria-hidden='true' data-av_icon='\ue8bf' data-av_iconfont='entypo-fontello'><\/span><span class='hr-inner inner-border-av-border-thin'><span class=\"hr-inner-style\"><\/span><\/span><\/div><\/p><\/div>\n<style type=\"text\/css\" data-created_by=\"avia_inline_auto\" id=\"style-css-av-3p1kw-76604d39f64fc64cbac7cb64f86e164a\">\n@-webkit-keyframes av_boxShadowEffect_av-3p1kw-76604d39f64fc64cbac7cb64f86e164a-column {\n0%   { box-shadow:  0 0 0 0 rgba(10,0,0,0.25); opacity: 1; }\n100% { box-shadow:  0 0 10px 0 rgba(10,0,0,0.25); opacity: 1; }\n}\n@keyframes av_boxShadowEffect_av-3p1kw-76604d39f64fc64cbac7cb64f86e164a-column {\n0%   { box-shadow:  0 0 0 0 rgba(10,0,0,0.25); opacity: 1; }\n100% { box-shadow:  0 0 10px 0 rgba(10,0,0,0.25); opacity: 1; }\n}\n#top .flex_column_table.av-equal-height-column-flextable.av-3p1kw-76604d39f64fc64cbac7cb64f86e164a{\nmargin-top:-60px;\nmargin-bottom:0px;\n}\n.flex_column.av-3p1kw-76604d39f64fc64cbac7cb64f86e164a{\nbox-shadow: 0 0 10px 0 rgba(10,0,0,0.25);\n-webkit-border-radius:0px 0px 0px 0px;\n-moz-border-radius:0px 0px 0px 0px;\nborder-radius:0px 0px 0px 0px;\npadding:50px 30px 30px 30px;\nbackground-color:#f0f0f0;\n}\n<\/style>\n<div  class='flex_column av-3p1kw-76604d39f64fc64cbac7cb64f86e164a av_one_third  avia-builder-el-8  el_after_av_two_third  avia-builder-el-last  no_margin flex_column_table_cell av-equal-height-column av-align-top shadow-not-animated  '     ><p><div  class='avia-builder-widget-area clearfix  avia-builder-el-9  el_before_av_hr  avia-builder-el-first '><section id=\"search-3\" class=\"widget clearfix widget_search\"><h3 class=\"widgettitle\">Search<\/h3>\n\n<form action=\"https:\/\/www.mafo-team.de\/en\/\" id=\"searchform\" method=\"get\" class=\"\">\n\t<div>\n\t\t<input type=\"submit\" value=\"\ue803\" id=\"searchsubmit\" class=\"button avia-font-entypo-fontello\" \/>\n\t\t<input type=\"text\" id=\"s\" name=\"s\" value=\"\" placeholder='Search' \/>\n\t\t\t<\/div>\n<\/form>\n<span class=\"seperator extralight-border\"><\/span><\/section><section id=\"rss-2\" class=\"widget clearfix widget_rss\"><h3 class=\"widgettitle\"><a class=\"rsswidget rss-widget-feed\" href=\"https:\/\/www.n-tv.de\/wirtschaft\/rss\"><img decoding=\"async\" class=\"rss-widget-icon\" style=\"border:0\" width=\"14\" height=\"14\" src=\"https:\/\/www.mafo-team.de\/wp-includes\/images\/rss.png\" alt=\"RSS\" loading=\"lazy\" \/><\/a> <a class=\"rsswidget rss-widget-title\" href=\"https:\/\/www.n-tv.de\/wirtschaft\/\">Topmeldungen aus Wirtschaft &#038; B\u00f6rse<\/a><\/h3><ul><li><a class='rsswidget' href='https:\/\/www.n-tv.de\/wirtschaft\/Offshore-Branche-verspricht-120-000-Jobs-bis-2045-id30713894.html'>NRW profitiert mehr als K\u00fcste: Offshore-Branche verspricht 120.000 Jobs bis 2045<\/a> <span class=\"rss-date\">14. April 2026<\/span><div class=\"rssSummary\">Offshore-Windenergie ist ein bundesweiter Jobmotor. Einer neuen Studie zufolge schafft die Branche derzeit allein in NRW und Baden-W\u00fcrttemberg 12.000 neue Vollzeitstellen. Bis 2045 k\u00f6nnte die Zahl auf das Zehnfache anwachsen - unter einer Bedingung, an der bereits ger\u00fcttelt wird.<\/div><\/li><li><a class='rsswidget' href='https:\/\/www.n-tv.de\/wirtschaft\/Schwarz-Rot-fuehrt-Autoindustrie-in-der-Krise-auf-die-falsche-Faehrte-id30712631.html'>Hilfe f\u00fcr Verbrenner : Schwarz-Rot f\u00fchrt Autoindustrie in der Krise &quot;auf die falsche F\u00e4hrte&quot;<\/a> <span class=\"rss-date\">14. April 2026<\/span><div class=\"rssSummary\">Neben den Entlastungsma\u00dfnahmen f\u00fcr die Verbraucher und Besch\u00e4ftigten hat sich die Koalition auch auf Schritte geeinigt, die die kriselnde Autobranche st\u00e4rken sollen. Experten zufolge f\u00fchren diese aber in eine falsche Richtung.<\/div><\/li><li><a class='rsswidget' href='https:\/\/www.n-tv.de\/wirtschaft\/IWF-senkt-Wachstumsprognose-fuer-Deutschland-Inflation-steigt-weltweit-id30713450.html'>Unsicherheit durch Kriege: IWF senkt Wachstumsprognose f\u00fcr Deutschland - Inflation steigt weltweit<\/a> <span class=\"rss-date\">14. April 2026<\/span><div class=\"rssSummary\">Im letzten Jahr belastet die US-Zollpolitik die Wirtschaftsprognosen, jetzt sind es die Kriege im Nahen Osten. Der IWF zieht aus der Weltlage seine Konsequenzen: Der Wachstumsausblick f\u00fcr Deutschland und die Eurozone wird abgesenkt.<\/div><\/li><li><a class='rsswidget' href='https:\/\/www.n-tv.de\/wirtschaft\/Amazon-bietet-Milliardensumme-fuer-Satellitenfirma-Globalstar-id30713191.html'>Konkurrenz f\u00fcr Musks Starlink: Amazon bietet Milliardensumme f\u00fcr Satellitenfirma Globalstar<\/a> <span class=\"rss-date\">14. April 2026<\/span><div class=\"rssSummary\">Amazon baut sein Engagement im Weltall aus. Mehr als elf Milliarden Dollar bietet der Konzern f\u00fcr die \u00dcbernahme der Satellitenfirma Globalstar. Damit will der Online-H\u00e4ndler den Druck auf Elon Musks Starlink erh\u00f6hen.<\/div><\/li><\/ul><span class=\"seperator extralight-border\"><\/span><\/section><section id=\"newsbox-2\" class=\"widget clearfix avia-widget-container newsbox\"><h3 class=\"widgettitle\">Latest News<\/h3><ul class=\"news-wrap image_size_widget\"><li class=\"news-content post-format-standard\"><div class=\"news-link\"><a class='news-thumb no-news-thumb' title=\"Read: Seminars: now digital &#8211;  Sars 2 Covid-19 (Chi-Virus) update\" href=\"https:\/\/www.mafo-team.de\/en\/seminars-now-digital-sars-2-covid-19-chi-virus-update\/\"><\/a><div class=\"news-headline\"><a class='news-title' title=\"Read: Seminars: now digital &#8211;  Sars 2 Covid-19 (Chi-Virus) update\" href=\"https:\/\/www.mafo-team.de\/en\/seminars-now-digital-sars-2-covid-19-chi-virus-update\/\">Seminars: now digital &#8211;  Sars 2 Covid-19 (Chi-Virus) update<\/a><span class=\"news-time\">17. March 2020 - 12:25<\/span><\/div><\/div><div class=\"news-excerpt\"><p>MarketForce Team have announced that all physical Seminar Events have been cancelled. All MarketForce Team client projects will be continued as usual basing on digital channels, within virtual team rooms [&hellip;]<\/p>\n<\/div><\/li><li class=\"news-content post-format-standard\"><div class=\"news-link\"><a class='news-thumb ' title=\"Read: Hello world!\" href=\"https:\/\/www.mafo-team.de\/en\/hello-world\/\"><img loading=\"lazy\" decoding=\"async\" width=\"36\" height=\"36\" src=\"https:\/\/www.mafo-team.de\/wp-content\/uploads\/solar-panel-array-power-sun-electricity-159397-solar-panel-36x36.jpeg\" class=\"wp-image-1072 avia-img-lazy-loading-1072 attachment-widget size-widget wp-post-image\" alt=\"\" srcset=\"https:\/\/www.mafo-team.de\/wp-content\/uploads\/solar-panel-array-power-sun-electricity-159397-solar-panel-36x36.jpeg 36w, https:\/\/www.mafo-team.de\/wp-content\/uploads\/solar-panel-array-power-sun-electricity-159397-solar-panel-80x80.jpeg 80w, https:\/\/www.mafo-team.de\/wp-content\/uploads\/solar-panel-array-power-sun-electricity-159397-solar-panel-180x180.jpeg 180w, https:\/\/www.mafo-team.de\/wp-content\/uploads\/solar-panel-array-power-sun-electricity-159397-solar-panel-120x120.jpeg 120w\" sizes=\"(max-width: 36px) 100vw, 36px\" \/><\/a><div class=\"news-headline\"><a class='news-title' title=\"Read: Hello world!\" href=\"https:\/\/www.mafo-team.de\/en\/hello-world\/\">Hello world!<\/a><span class=\"news-time\">05. December 2018 - 15:47<\/span><\/div><\/div><div class=\"news-excerpt\"><p>Welcome to the new web presences of MarketForce Team. Feedbacks are welcome !<\/p>\n<\/div><\/li><li class=\"news-content post-format-standard\"><div class=\"news-link\"><a class='news-thumb ' title=\"Read: New MaFo Team web presence launched\" href=\"https:\/\/www.mafo-team.de\/en\/a-nice-entry\/\"><img loading=\"lazy\" decoding=\"async\" width=\"36\" height=\"36\" src=\"https:\/\/www.mafo-team.de\/wp-content\/uploads\/slider4-36x36.jpg\" class=\"wp-image-500 avia-img-lazy-loading-500 attachment-widget size-widget wp-post-image\" alt=\"\" srcset=\"https:\/\/www.mafo-team.de\/wp-content\/uploads\/slider4-36x36.jpg 36w, https:\/\/www.mafo-team.de\/wp-content\/uploads\/slider4-80x80.jpg 80w, https:\/\/www.mafo-team.de\/wp-content\/uploads\/slider4-180x180.jpg 180w, https:\/\/www.mafo-team.de\/wp-content\/uploads\/slider4-120x120.jpg 120w, https:\/\/www.mafo-team.de\/wp-content\/uploads\/slider4-450x450.jpg 450w\" sizes=\"(max-width: 36px) 100vw, 36px\" \/><\/a><div class=\"news-headline\"><a class='news-title' title=\"Read: New MaFo Team web presence launched\" href=\"https:\/\/www.mafo-team.de\/en\/a-nice-entry\/\">New MaFo Team web presence launched<\/a><span class=\"news-time\">24. August 2014 - 18:56<\/span><\/div><\/div><div class=\"news-excerpt\"><p>Today the launch of the new MarketForce Team web presence was announced.\u00a0 MarketForce Team had invited their top experts and top clients for a business breakfast at a renowned Berlin [&hellip;]<\/p>\n<\/div><\/li><li class=\"news-content post-format-standard\"><div class=\"news-link\"><a class='news-thumb ' title=\"Read: \" href=\"https:\/\/www.mafo-team.de\/en\/entry-without-preview-image\/\"><img loading=\"lazy\" decoding=\"async\" width=\"36\" height=\"36\" src=\"https:\/\/www.mafo-team.de\/wp-content\/uploads\/Kostenoptimierung-36x36.jpg\" class=\"wp-image-470 avia-img-lazy-loading-470 attachment-widget size-widget wp-post-image\" alt=\"\" srcset=\"https:\/\/www.mafo-team.de\/wp-content\/uploads\/Kostenoptimierung-36x36.jpg 36w, https:\/\/www.mafo-team.de\/wp-content\/uploads\/Kostenoptimierung-80x80.jpg 80w, https:\/\/www.mafo-team.de\/wp-content\/uploads\/Kostenoptimierung-180x180.jpg 180w, https:\/\/www.mafo-team.de\/wp-content\/uploads\/Kostenoptimierung-120x120.jpg 120w, https:\/\/www.mafo-team.de\/wp-content\/uploads\/Kostenoptimierung-450x450.jpg 450w\" sizes=\"(max-width: 36px) 100vw, 36px\" \/><\/a><div class=\"news-headline\"><a class='news-title' title=\"Read: \" href=\"https:\/\/www.mafo-team.de\/en\/entry-without-preview-image\/\"><\/a><span class=\"news-time\">12. February 2014 - 18:49<\/span><\/div><\/div><div class=\"news-excerpt\">\n<\/div><\/li><li class=\"news-content post-format-standard\"><div class=\"news-link\"><a class='news-thumb ' title=\"Read: Terms and conditions worked over\" href=\"https:\/\/www.mafo-team.de\/en\/a-nice-post\/\"><img loading=\"lazy\" decoding=\"async\" width=\"36\" height=\"36\" src=\"https:\/\/www.mafo-team.de\/wp-content\/uploads\/open-book-library-education-read-159621-klein-36x36.jpeg\" class=\"wp-image-805 avia-img-lazy-loading-805 attachment-widget size-widget wp-post-image\" alt=\"\" srcset=\"https:\/\/www.mafo-team.de\/wp-content\/uploads\/open-book-library-education-read-159621-klein-36x36.jpeg 36w, https:\/\/www.mafo-team.de\/wp-content\/uploads\/open-book-library-education-read-159621-klein-80x80.jpeg 80w, https:\/\/www.mafo-team.de\/wp-content\/uploads\/open-book-library-education-read-159621-klein-180x180.jpeg 180w, https:\/\/www.mafo-team.de\/wp-content\/uploads\/open-book-library-education-read-159621-klein-120x120.jpeg 120w, https:\/\/www.mafo-team.de\/wp-content\/uploads\/open-book-library-education-read-159621-klein-450x450.jpeg 450w\" sizes=\"(max-width: 36px) 100vw, 36px\" \/><\/a><div class=\"news-headline\"><a class='news-title' title=\"Read: Terms and conditions worked over\" href=\"https:\/\/www.mafo-team.de\/en\/a-nice-post\/\">Terms and conditions worked over<\/a><span class=\"news-time\">24. May 2012 - 18:59<\/span><\/div><\/div><div class=\"news-excerpt\"><p>International clients have been advised that MarketForce Team have worked over their terms and conditions.<\/p>\n<\/div><\/li><\/ul><span class=\"seperator extralight-border\"><\/span><\/section><\/div><br \/>\n\n<style type=\"text\/css\" data-created_by=\"avia_inline_auto\" id=\"style-css-av-28uvk-31d8c6f00951862cf3b699042ad7295c\">\n#top .hr.av-28uvk-31d8c6f00951862cf3b699042ad7295c{\nmargin-top:30px;\nmargin-bottom:30px;\n}\n.hr.av-28uvk-31d8c6f00951862cf3b699042ad7295c .hr-inner{\nwidth:45%;\nmax-width:45%;\n}\n<\/style>\n<div  class='hr av-28uvk-31d8c6f00951862cf3b699042ad7295c hr-custom hr-center hr-icon-yes'><span class='hr-inner inner-border-av-border-thin'><span class=\"hr-inner-style\"><\/span><\/span><span class='av-seperator-icon' aria-hidden='true' data-av_icon='\ue8bf' data-av_iconfont='entypo-fontello'><\/span><span class='hr-inner inner-border-av-border-thin'><span class=\"hr-inner-style\"><\/span><\/span><\/div><\/p><\/div><\/div><!--close column table wrapper. Autoclose: 1 --><\/div><\/div><\/div><!-- close content main div --><\/div><\/div><div id='after_section_2'  class='main_color av_default_container_wrap container_wrap sidebar_right'  ><div class='container av-section-cont-open' ><div class='template-page content  av-content-small alpha units'><div class='post-entry post-entry-type-page post-entry-679'><div class='entry-content-wrapper clearfix'>\n","protected":false},"excerpt":{"rendered":"","protected":false},"author":1,"featured_media":0,"parent":0,"menu_order":12,"comment_status":"closed","ping_status":"closed","template":"","meta":{"footnotes":""},"_links":{"self":[{"href":"https:\/\/www.mafo-team.de\/en\/wp-json\/wp\/v2\/pages\/679"}],"collection":[{"href":"https:\/\/www.mafo-team.de\/en\/wp-json\/wp\/v2\/pages"}],"about":[{"href":"https:\/\/www.mafo-team.de\/en\/wp-json\/wp\/v2\/types\/page"}],"author":[{"embeddable":true,"href":"https:\/\/www.mafo-team.de\/en\/wp-json\/wp\/v2\/users\/1"}],"replies":[{"embeddable":true,"href":"https:\/\/www.mafo-team.de\/en\/wp-json\/wp\/v2\/comments?post=679"}],"version-history":[{"count":3,"href":"https:\/\/www.mafo-team.de\/en\/wp-json\/wp\/v2\/pages\/679\/revisions"}],"predecessor-version":[{"id":2713,"href":"https:\/\/www.mafo-team.de\/en\/wp-json\/wp\/v2\/pages\/679\/revisions\/2713"}],"wp:attachment":[{"href":"https:\/\/www.mafo-team.de\/en\/wp-json\/wp\/v2\/media?parent=679"}],"curies":[{"name":"wp","href":"https:\/\/api.w.org\/{rel}","templated":true}]}}